{"id":261,"date":"2026-01-09T11:41:45","date_gmt":"2026-01-09T10:41:45","guid":{"rendered":"https:\/\/www.bluetime.be\/?page_id=261"},"modified":"2026-02-04T11:14:15","modified_gmt":"2026-02-04T10:14:15","slug":"contact","status":"publish","type":"page","link":"https:\/\/www.bluetime.be\/fr\/contact\/","title":{"rendered":"Contact"},"content":{"rendered":"\t\t<div data-elementor-type=\"wp-page\" data-elementor-id=\"261\" class=\"elementor elementor-261\" data-elementor-post-type=\"page\">\n\t\t\t\t<div class=\"elementor-element elementor-element-b535676 banner-intern e-flex e-con-boxed e-con e-parent\" data-id=\"b535676\" data-element_type=\"container\" data-e-type=\"container\">\n\t\t\t\t\t<div class=\"e-con-inner\">\n\t\t<div class=\"elementor-element elementor-element-e791f29 e-con-full e-flex e-con e-child\" data-id=\"e791f29\" data-element_type=\"container\" data-e-type=\"container\">\n\t\t\t\t<div class=\"elementor-element elementor-element-85b3aeb elementor-widget elementor-widget-qi_addons_for_elementor_animated_text\" data-id=\"85b3aeb\" data-element_type=\"widget\" data-e-type=\"widget\" data-widget_type=\"qi_addons_for_elementor_animated_text.default\">\n\t\t\t\t<div class=\"elementor-widget-container\">\n\t\t\t\t\t<div class=\"qodef-shortcode qodef-m qodef-qi-animated-text qodef--animated-by-word qodef--alignment-left qodef-qi--has-appear qodef--appear-from-bottom\" >\n\t\t<h1 class=\"qodef-m-title\">\n\t\t<span class=\"qodef-e-word\">Rencontrons-nous<\/span> <span class=\"qodef-e-word\">pour<\/span> <span class=\"qodef-e-word\">analyser<\/span> <span class=\"qodef-e-word\">vos<\/span> <span class=\"qodef-e-word\">objectifs<\/span>\t<\/h1>\n<\/div>\n\t\t\t\t<\/div>\n\t\t\t\t<\/div>\n\t\t\t\t<div class=\"elementor-element elementor-element-1bfb010 elementor-invisible elementor-widget elementor-widget-text-editor\" data-id=\"1bfb010\" data-element_type=\"widget\" data-e-type=\"widget\" data-settings=\"{&quot;_animation&quot;:&quot;fadeInUp&quot;}\" data-widget_type=\"text-editor.default\">\n\t\t\t\t<div class=\"elementor-widget-container\">\n\t\t\t\t\t\t\t\t\t<p>Nous nous d\u00e9pla\u00e7ons gratuitement dans vos locaux, <strong>partout en Belgique<\/strong>, pour comprendre vos objectifs prioritaires, vous conseiller et vous proposer des solutions efficaces et personnalis\u00e9es.<\/p><p>Appelez-nous du lundi au vendredi de 8h30 \u00e0 17h00 au <a href=\"tel:+3226756510\">+32 (0)2 675 65 10<\/a> ou compl\u00e9tez notre formulaire.<\/p>\t\t\t\t\t\t\t\t<\/div>\n\t\t\t\t<\/div>\n\t\t\t\t<div class=\"elementor-element elementor-element-4168ff3 elementor-widget__width-inherit fluent-form-widget-step-header-yes fluent-form-widget-step-progressbar-yes fluentform-widget-submit-button-custom elementor-invisible elementor-widget elementor-widget-fluent-form-widget\" data-id=\"4168ff3\" data-element_type=\"widget\" data-e-type=\"widget\" data-settings=\"{&quot;_animation&quot;:&quot;fadeInUp&quot;,&quot;_animation_delay&quot;:200}\" data-widget_type=\"fluent-form-widget.default\">\n\t\t\t\t<div class=\"elementor-widget-container\">\n\t\t\t\t\t\n            <div class=\"fluentform-widget-wrapper hide-fluent-form-labels fluentform-widget-custom-radio-checkbox\">\n\n            \n            <div class='fluentform ff-inherit-theme-style fluentform_wrapper_3'><form data-form_id=\"3\" id=\"fluentform_3\" class=\"frm-fluent-form fluent_form_3 ff-el-form-top ff_form_instance_3_1 ff-form-loading ffs_inherit_theme\" data-form_instance=\"ff_form_instance_3_1\" method=\"POST\" ><fieldset  style=\"border: none!important;margin: 0!important;padding: 0!important;background-color: transparent!important;box-shadow: none!important;outline: none!important; min-inline-size: 100%;\">\n                    <legend class=\"ff_screen_reader_title\" style=\"display: block; margin: 0!important;padding: 0!important;height: 0!important;text-indent: -999999px;width: 0!important;overflow:hidden;\">Contact<\/legend><p style=\"display: none !important;\" class=\"akismet-fields-container\" data-prefix=\"ak_\"><label>&#916;<textarea name=\"ak_hp_textarea\" cols=\"45\" rows=\"8\" maxlength=\"100\"><\/textarea><\/label><input type=\"hidden\" id=\"ak_js_1\" name=\"ak_js\" value=\"216\"\/>\n<script>document.getElementById( \"ak_js_1\" ).setAttribute( \"value\", ( new Date() ).getTime() );<\/script>\n<\/p>        <div\n                style=\"display: none!important; position: absolute!important; transform: translateX(1000%)!important;\"\n                class=\"ff-el-group ff-hpsf-container\"\n        >\n            <div class=\"ff-el-input--label asterisk-right\">\n                <label for=\"ff_3_item_sf\" aria-label=\"Notify\">\n                    Notify                <\/label>\n            <\/div>\n            <div class=\"ff-el-input--content\">\n                <input type=\"text\"\n                       name=\"item_3__fluent_sf\"\n                       class=\"ff-el-form-control\"\n                       id=\"ff_3_item_sf\"\n                \/>\n            <\/div>\n        <\/div>\n        <input type='hidden' name='__fluent_form_embded_post_id' value='261' \/><input type=\"hidden\" id=\"_fluentform_3_fluentformnonce\" name=\"_fluentform_3_fluentformnonce\" value=\"155d89ceec\" \/><input type=\"hidden\" name=\"_wp_http_referer\" value=\"\/fr\/wp-json\/wp\/v2\/pages\/261\" \/><div data-name=\"ff_cn_id_1\"  class='ff-t-container ff-column-container ff_columns_total_2 '><div class='ff-t-cell ff-t-column-1' style='flex-basis: 50%;'><div class='ff-el-group ff-el-form-hide_label'><div class=\"ff-el-input--label asterisk-right\"><label for='ff_3_dropdown' id='label_ff_3_dropdown' aria-label=\"Vous \u00eates\">Vous \u00eates<\/label><\/div><div class='ff-el-input--content'><select name=\"dropdown\" id=\"ff_3_dropdown\" class=\"ff-el-form-control\" data-name=\"dropdown\" data-calc_value=\"0\"  aria-invalid=\"false\" aria-required=\"false\" aria-labelledby=\"label_ff_3_dropdown\"><option value=\"\">Vous \u00eates<\/option><option value=\"Une entreprise\"  >Une entreprise<\/option><option value=\"Un ind\u00e9pendant\"  >Un ind\u00e9pendant<\/option><option value=\"Un \u00e9tudiant pour un stage\"  >Un \u00e9tudiant pour un stage<\/option><option value=\"Autre\"  >Autre<\/option><\/select><\/div><\/div><\/div><div class='ff-t-cell ff-t-column-2' style='flex-basis: 50%;'><div class='ff-el-group ff-el-form-hide_label'><div class=\"ff-el-input--label asterisk-right\"><label for='ff_3_input_text' id='label_ff_3_input_text' aria-label=\"Soci\u00e9t\u00e9\">Soci\u00e9t\u00e9<\/label><\/div><div class='ff-el-input--content'><input type=\"text\" name=\"input_text\" class=\"ff-el-form-control\" placeholder=\"Soci\u00e9t\u00e9\" data-name=\"input_text\" id=\"ff_3_input_text\"  aria-invalid=\"false\" aria-required=false><\/div><\/div><\/div><\/div><div data-type=\"name-element\" data-name=\"names\" class=\" ff-field_container ff-name-field-wrapper\" ><div class='ff-t-container'><div class='ff-t-cell '><div class='ff-el-group  ff-el-form-hide_label'><div class=\"ff-el-input--label ff-el-is-required asterisk-right\"><label for='ff_3_names_first_name_' id='label_ff_3_names_first_name_' >Nom<\/label><\/div><div class='ff-el-input--content'><input type=\"text\" name=\"names[first_name]\" id=\"ff_3_names_first_name_\" class=\"ff-el-form-control\" placeholder=\"Nom *\" aria-invalid=\"false\" aria-required=true><\/div><\/div><\/div><div class='ff-t-cell '><div class='ff-el-group  ff-el-form-hide_label'><div class=\"ff-el-input--label ff-el-is-required asterisk-right\"><label for='ff_3_names_last_name_' id='label_ff_3_names_last_name_' >Pr\u00e9nom<\/label><\/div><div class='ff-el-input--content'><input type=\"text\" name=\"names[last_name]\" id=\"ff_3_names_last_name_\" class=\"ff-el-form-control\" placeholder=\"Pr\u00e9nom *\" aria-invalid=\"false\" aria-required=true><\/div><\/div><\/div><\/div><\/div><div data-name=\"ff_cn_id_2\"  class='ff-t-container ff-column-container ff_columns_total_2 '><div class='ff-t-cell ff-t-column-1' style='flex-basis: 50%;'><div class='ff-el-group ff-el-form-hide_label'><div class=\"ff-el-input--label ff-el-is-required asterisk-right\"><label for='ff_3_email' id='label_ff_3_email' aria-label=\"E-mail\">E-mail<\/label><\/div><div class='ff-el-input--content'><input type=\"email\" name=\"email\" id=\"ff_3_email\" class=\"ff-el-form-control\" placeholder=\"E-mail *\" data-name=\"email\"  aria-invalid=\"false\" aria-required=true><\/div><\/div><\/div><div class='ff-t-cell ff-t-column-2' style='flex-basis: 50%;'><div class='ff-el-group ff-el-form-hide_label'><div class=\"ff-el-input--label ff-el-is-required asterisk-right\"><label for='ff_3_phone' id='label_ff_3_phone' aria-label=\"T\u00e9l\u00e9phone\">T\u00e9l\u00e9phone<\/label><\/div><div class='ff-el-input--content'><input name=\"phone\" class=\"ff-el-form-control ff-el-phone\" type=\"tel\" placeholder=\"T\u00e9l\u00e9phone *\" data-name=\"phone\" id=\"ff_3_phone\" inputmode=\"tel\"  aria-invalid='false' aria-required=true><\/div><\/div><\/div><\/div><div class='ff-el-group ff-el-form-hide_label'><div class=\"ff-el-input--label ff-el-is-required asterisk-right\"><label for='ff_3_message' id='label_ff_3_message' aria-label=\"Message\">Message<\/label><\/div><div class='ff-el-input--content'><textarea aria-required=\"true\" aria-labelledby=\"label_ff_3_message\" name=\"message\" id=\"ff_3_message\" class=\"ff-el-form-control\" placeholder=\"Message *\" rows=\"6\" cols=\"2\" data-name=\"message\" ><\/textarea><\/div><\/div><div class='ff-el-group    ff-el-input--content'><div class='ff-el-form-check ff-el-tc'><label aria-label='Terms and Conditions: J\u2019accepte d\u2019\u00eatre contact\u00e9(e) par un responsable des \u00e9quipes de Bluetime dans le cadre de ma demande. Bluetime ne transmettra vos coordonn\u00e9es \u00e0 aucun tiers.\nVos donn\u00e9es seront trait\u00e9es conform\u00e9ment \u00e0 notre politique de confidentialit\u00e9. Contains 1 link. Use tab navigation to review.' class='ff-el-form-check-label ff_tc_label' for=gdpr-agreement_cf420479962566cf4f8f8273f84ce5e1><span class='ff_tc_checkbox'><input type=\"checkbox\" name=\"gdpr-agreement\" class=\"ff-el-form-check-input ff_gdpr_field\" data-name=\"gdpr-agreement\" id=\"gdpr-agreement_cf420479962566cf4f8f8273f84ce5e1\"  value='on' aria-invalid='false' aria-required=true><\/span> <div class='ff_t_c'><p class=\"margin-bottom:0;\">J\u2019accepte d\u2019\u00eatre contact\u00e9(e) par un responsable des \u00e9quipes de Bluetime dans le cadre de ma demande. Bluetime ne transmettra vos coordonn\u00e9es \u00e0 aucun tiers.<\/p>\n<p class=\"margin-bottom:0;\">Vos donn\u00e9es seront trait\u00e9es conform\u00e9ment \u00e0 notre <a rel=\"noopener\" href=\"\/fr\/politique-de-confidentialite\" style=\"text-decoration:underline\" target=\"_blank\">politique de confidentialit\u00e9<\/a>.<\/p><\/div><\/label><\/div><\/div><div class='ff-el-group ff-text-left button-light ff_submit_btn_wrapper'><button type=\"submit\" class=\"ff-btn ff-btn-submit ff-btn-md elementor-button ff_btn_no_style\"  aria-label=\"Envoyer\">Envoyer<\/button><\/div><\/fieldset><\/form><div id='fluentform_3_errors' class='ff-errors-in-stack ff_form_instance_3_1 ff-form-loading_errors ff_form_instance_3_1_errors'><\/div><\/div>            \n<script type=\"text\/javascript\">\n                window.fluent_form_ff_form_instance_3_1 = {\"id\":\"3\",\"settings\":{\"layout\":{\"labelPlacement\":\"top\",\"helpMessagePlacement\":\"with_label\",\"errorMessagePlacement\":\"inline\",\"cssClassName\":\"\",\"asteriskPlacement\":\"asterisk-right\"},\"restrictions\":{\"denyEmptySubmission\":{\"enabled\":false}}},\"form_instance\":\"ff_form_instance_3_1\",\"form_id_selector\":\"fluentform_3\",\"rules\":{\"dropdown\":{\"required\":{\"value\":false,\"message\":\"Ce champ est obligatoire\",\"global_message\":\"Ce champ est obligatoire\",\"global\":true}},\"input_text\":{\"required\":{\"value\":false,\"message\":\"Ce champ est obligatoire\",\"global_message\":\"Ce champ est obligatoire\",\"global\":true}},\"names[first_name]\":{\"required\":{\"value\":true,\"message\":\"Ce champ est obligatoire\",\"global\":false,\"global_message\":\"Ce champ est obligatoire\"}},\"names[middle_name]\":{\"required\":{\"value\":false,\"message\":\"This field is required\",\"global\":false,\"global_message\":\"Ce champ est obligatoire\"}},\"names[last_name]\":{\"required\":{\"value\":true,\"message\":\"Ce champ est obligatoire\",\"global\":false,\"global_message\":\"Ce champ est obligatoire\"}},\"email\":{\"required\":{\"value\":true,\"message\":\"Ce champ est obligatoire\",\"global\":false,\"global_message\":\"Ce champ est obligatoire\"},\"email\":{\"value\":true,\"message\":\"Ce champ doit contenir un e-mail valide\",\"global\":false,\"global_message\":\"Ce champ doit contenir un e-mail valide\"}},\"phone\":{\"required\":{\"value\":true,\"global\":false,\"message\":\"Ce champ est obligatoire\",\"global_message\":\"Ce champ est obligatoire\"},\"valid_phone_number\":{\"value\":false,\"global\":true,\"message\":\"Le num\\u00e9ro de t\\u00e9l\\u00e9phone n'est pas valide\",\"global_message\":\"Le num\\u00e9ro de t\\u00e9l\\u00e9phone n'est pas valide\"}},\"message\":{\"required\":{\"value\":true,\"message\":\"Ce champ est obligatoire\",\"global\":false,\"global_message\":\"Ce champ est obligatoire\"}},\"gdpr-agreement\":{\"required\":{\"value\":true,\"message\":\"Ce champ est obligatoire\",\"global_message\":\"Ce champ est obligatoire\",\"global\":false}}},\"debounce_time\":300};\n                            <\/script>\n                        <\/div>\n\n            \t\t\t\t<\/div>\n\t\t\t\t<\/div>\n\t\t\t\t<\/div>\n\t\t<div class=\"elementor-element elementor-element-9220566 e-con-full image-banner e-flex elementor-invisible e-con e-child\" data-id=\"9220566\" data-element_type=\"container\" data-e-type=\"container\" data-settings=\"{&quot;animation&quot;:&quot;fadeInRight&quot;,&quot;animation_delay&quot;:200,&quot;background_background&quot;:&quot;classic&quot;}\">\n\t\t\t\t<\/div>\n\t\t\t\t\t<\/div>\n\t\t\t\t<\/div>\n\t\t\t\t<\/div>","protected":false},"excerpt":{"rendered":"<p>Rencontrons-nous pour analyser vos objectifs Nous nous d\u00e9pla\u00e7ons gratuitement dans vos locaux, partout en Belgique, pour comprendre vos objectifs prioritaires, vous conseiller et vous proposer des solutions efficaces et personnalis\u00e9es. Appelez-nous du lundi au vendredi de 8h30 \u00e0 17h00 au +32 (0)2 675 65 10 ou compl\u00e9tez notre formulaire. Contact &#916; Updates Vous \u00eatesVous \u00eatesUne [&hellip;]<\/p>","protected":false},"author":1,"featured_media":262,"parent":0,"menu_order":0,"comment_status":"closed","ping_status":"closed","template":"","meta":{"footnotes":""},"class_list":["post-261","page","type-page","status-publish","has-post-thumbnail","hentry"],"yoast_head":"<!-- This site is optimized with the Yoast SEO plugin v27.3 - https:\/\/yoast.com\/product\/yoast-seo-wordpress\/ -->\n<title>Bluetime , agence de communication digitale \u00e0 Bruxelles | Contactez-nous<\/title>\n<meta name=\"description\" content=\"Profitez d\u2019une strat\u00e9gie digitale sur mesure et de l\u2019expertise de notre \u00e9quipe passionn\u00e9e pour stimuler la croissance de votre entreprise. 02 675 65 10.\" \/>\n<meta name=\"robots\" content=\"index, follow, max-snippet:-1, max-image-preview:large, max-video-preview:-1\" \/>\n<link rel=\"canonical\" href=\"https:\/\/www.bluetime.be\/fr\/contact\/\" \/>\n<meta property=\"og:locale\" content=\"fr_FR\" \/>\n<meta property=\"og:type\" content=\"article\" \/>\n<meta property=\"og:title\" content=\"Bluetime , agence de communication digitale \u00e0 Bruxelles | Contactez-nous\" \/>\n<meta property=\"og:description\" content=\"Profitez d\u2019une strat\u00e9gie digitale sur mesure et de l\u2019expertise de notre \u00e9quipe passionn\u00e9e pour stimuler la croissance de votre entreprise. 02 675 65 10.\" \/>\n<meta property=\"og:url\" content=\"https:\/\/www.bluetime.be\/fr\/contact\/\" \/>\n<meta property=\"og:site_name\" content=\"Bluetime\" \/>\n<meta property=\"article:publisher\" content=\"https:\/\/www.facebook.com\/BluetimeSA\/\" \/>\n<meta property=\"article:modified_time\" content=\"2026-02-04T10:14:15+00:00\" \/>\n<meta property=\"og:image\" content=\"https:\/\/www.bluetime.be\/wp-content\/uploads\/2026\/01\/experts-communication-digitale.webp\" \/>\n\t<meta property=\"og:image:width\" content=\"1331\" \/>\n\t<meta property=\"og:image:height\" content=\"2000\" \/>\n\t<meta property=\"og:image:type\" content=\"image\/webp\" \/>\n<meta name=\"twitter:card\" content=\"summary_large_image\" \/>\n<meta name=\"twitter:label1\" content=\"Dur\u00e9e de lecture estim\u00e9e\" \/>\n\t<meta name=\"twitter:data1\" content=\"1 minute\" \/>\n<script type=\"application\/ld+json\" class=\"yoast-schema-graph\">{\"@context\":\"https:\\\/\\\/schema.org\",\"@graph\":[{\"@type\":\"WebPage\",\"@id\":\"https:\\\/\\\/www.bluetime.be\\\/fr\\\/contact\\\/\",\"url\":\"https:\\\/\\\/www.bluetime.be\\\/fr\\\/contact\\\/\",\"name\":\"Bluetime , agence de communication digitale \u00e0 Bruxelles | Contactez-nous\",\"isPartOf\":{\"@id\":\"https:\\\/\\\/www.bluetime.be\\\/fr\\\/#website\"},\"primaryImageOfPage\":{\"@id\":\"https:\\\/\\\/www.bluetime.be\\\/fr\\\/contact\\\/#primaryimage\"},\"image\":{\"@id\":\"https:\\\/\\\/www.bluetime.be\\\/fr\\\/contact\\\/#primaryimage\"},\"thumbnailUrl\":\"https:\\\/\\\/www.bluetime.be\\\/wp-content\\\/uploads\\\/2026\\\/01\\\/experts-communication-digitale.webp\",\"datePublished\":\"2026-01-09T10:41:45+00:00\",\"dateModified\":\"2026-02-04T10:14:15+00:00\",\"description\":\"Profitez d\u2019une strat\u00e9gie digitale sur mesure et de l\u2019expertise de notre \u00e9quipe passionn\u00e9e pour stimuler la croissance de votre entreprise. 02 675 65 10.\",\"inLanguage\":\"fr-FR\",\"potentialAction\":[{\"@type\":\"ReadAction\",\"target\":[\"https:\\\/\\\/www.bluetime.be\\\/fr\\\/contact\\\/\"]}]},{\"@type\":\"ImageObject\",\"inLanguage\":\"fr-FR\",\"@id\":\"https:\\\/\\\/www.bluetime.be\\\/fr\\\/contact\\\/#primaryimage\",\"url\":\"https:\\\/\\\/www.bluetime.be\\\/wp-content\\\/uploads\\\/2026\\\/01\\\/experts-communication-digitale.webp\",\"contentUrl\":\"https:\\\/\\\/www.bluetime.be\\\/wp-content\\\/uploads\\\/2026\\\/01\\\/experts-communication-digitale.webp\",\"width\":1331,\"height\":2000,\"caption\":\"Commercial assis au t\u00e9l\u00e9phone avec un partenaire\"},{\"@type\":\"WebSite\",\"@id\":\"https:\\\/\\\/www.bluetime.be\\\/fr\\\/#website\",\"url\":\"https:\\\/\\\/www.bluetime.be\\\/fr\\\/\",\"name\":\"Bluetime\",\"description\":\"\",\"publisher\":{\"@id\":\"https:\\\/\\\/www.bluetime.be\\\/fr\\\/#organization\"},\"potentialAction\":[{\"@type\":\"SearchAction\",\"target\":{\"@type\":\"EntryPoint\",\"urlTemplate\":\"https:\\\/\\\/www.bluetime.be\\\/fr\\\/?s={search_term_string}\"},\"query-input\":{\"@type\":\"PropertyValueSpecification\",\"valueRequired\":true,\"valueName\":\"search_term_string\"}}],\"inLanguage\":\"fr-FR\"},{\"@type\":\"Organization\",\"@id\":\"https:\\\/\\\/www.bluetime.be\\\/fr\\\/#organization\",\"name\":\"Bluetime\",\"url\":\"https:\\\/\\\/www.bluetime.be\\\/fr\\\/\",\"logo\":{\"@type\":\"ImageObject\",\"inLanguage\":\"fr-FR\",\"@id\":\"https:\\\/\\\/www.bluetime.be\\\/fr\\\/#\\\/schema\\\/logo\\\/image\\\/\",\"url\":\"https:\\\/\\\/www.bluetime.be\\\/wp-content\\\/uploads\\\/2026\\\/01\\\/logo_bluetime.svg\",\"contentUrl\":\"https:\\\/\\\/www.bluetime.be\\\/wp-content\\\/uploads\\\/2026\\\/01\\\/logo_bluetime.svg\",\"width\":1,\"height\":1,\"caption\":\"Bluetime\"},\"image\":{\"@id\":\"https:\\\/\\\/www.bluetime.be\\\/fr\\\/#\\\/schema\\\/logo\\\/image\\\/\"},\"sameAs\":[\"https:\\\/\\\/www.facebook.com\\\/BluetimeSA\\\/\",\"https:\\\/\\\/www.linkedin.com\\\/company\\\/bluetime-sa\\\/\"]}]}<\/script>\n<!-- \/ Yoast SEO plugin. -->","yoast_head_json":{"title":"Bluetime , agence de communication digitale \u00e0 Bruxelles | Contactez-nous","description":"Profitez d\u2019une strat\u00e9gie digitale sur mesure et de l\u2019expertise de notre \u00e9quipe passionn\u00e9e pour stimuler la croissance de votre entreprise. 02 675 65 10.","robots":{"index":"index","follow":"follow","max-snippet":"max-snippet:-1","max-image-preview":"max-image-preview:large","max-video-preview":"max-video-preview:-1"},"canonical":"https:\/\/www.bluetime.be\/fr\/contact\/","og_locale":"fr_FR","og_type":"article","og_title":"Bluetime , agence de communication digitale \u00e0 Bruxelles | Contactez-nous","og_description":"Profitez d\u2019une strat\u00e9gie digitale sur mesure et de l\u2019expertise de notre \u00e9quipe passionn\u00e9e pour stimuler la croissance de votre entreprise. 02 675 65 10.","og_url":"https:\/\/www.bluetime.be\/fr\/contact\/","og_site_name":"Bluetime","article_publisher":"https:\/\/www.facebook.com\/BluetimeSA\/","article_modified_time":"2026-02-04T10:14:15+00:00","og_image":[{"width":1331,"height":2000,"url":"https:\/\/www.bluetime.be\/wp-content\/uploads\/2026\/01\/experts-communication-digitale.webp","type":"image\/webp"}],"twitter_card":"summary_large_image","twitter_misc":{"Dur\u00e9e de lecture estim\u00e9e":"1 minute"},"schema":{"@context":"https:\/\/schema.org","@graph":[{"@type":"WebPage","@id":"https:\/\/www.bluetime.be\/fr\/contact\/","url":"https:\/\/www.bluetime.be\/fr\/contact\/","name":"Bluetime , agence de communication digitale \u00e0 Bruxelles | Contactez-nous","isPartOf":{"@id":"https:\/\/www.bluetime.be\/fr\/#website"},"primaryImageOfPage":{"@id":"https:\/\/www.bluetime.be\/fr\/contact\/#primaryimage"},"image":{"@id":"https:\/\/www.bluetime.be\/fr\/contact\/#primaryimage"},"thumbnailUrl":"https:\/\/www.bluetime.be\/wp-content\/uploads\/2026\/01\/experts-communication-digitale.webp","datePublished":"2026-01-09T10:41:45+00:00","dateModified":"2026-02-04T10:14:15+00:00","description":"Profitez d\u2019une strat\u00e9gie digitale sur mesure et de l\u2019expertise de notre \u00e9quipe passionn\u00e9e pour stimuler la croissance de votre entreprise. 02 675 65 10.","inLanguage":"fr-FR","potentialAction":[{"@type":"ReadAction","target":["https:\/\/www.bluetime.be\/fr\/contact\/"]}]},{"@type":"ImageObject","inLanguage":"fr-FR","@id":"https:\/\/www.bluetime.be\/fr\/contact\/#primaryimage","url":"https:\/\/www.bluetime.be\/wp-content\/uploads\/2026\/01\/experts-communication-digitale.webp","contentUrl":"https:\/\/www.bluetime.be\/wp-content\/uploads\/2026\/01\/experts-communication-digitale.webp","width":1331,"height":2000,"caption":"Commercial assis au t\u00e9l\u00e9phone avec un partenaire"},{"@type":"WebSite","@id":"https:\/\/www.bluetime.be\/fr\/#website","url":"https:\/\/www.bluetime.be\/fr\/","name":"Bluetime","description":"","publisher":{"@id":"https:\/\/www.bluetime.be\/fr\/#organization"},"potentialAction":[{"@type":"SearchAction","target":{"@type":"EntryPoint","urlTemplate":"https:\/\/www.bluetime.be\/fr\/?s={search_term_string}"},"query-input":{"@type":"PropertyValueSpecification","valueRequired":true,"valueName":"search_term_string"}}],"inLanguage":"fr-FR"},{"@type":"Organization","@id":"https:\/\/www.bluetime.be\/fr\/#organization","name":"Bluetime","url":"https:\/\/www.bluetime.be\/fr\/","logo":{"@type":"ImageObject","inLanguage":"fr-FR","@id":"https:\/\/www.bluetime.be\/fr\/#\/schema\/logo\/image\/","url":"https:\/\/www.bluetime.be\/wp-content\/uploads\/2026\/01\/logo_bluetime.svg","contentUrl":"https:\/\/www.bluetime.be\/wp-content\/uploads\/2026\/01\/logo_bluetime.svg","width":1,"height":1,"caption":"Bluetime"},"image":{"@id":"https:\/\/www.bluetime.be\/fr\/#\/schema\/logo\/image\/"},"sameAs":["https:\/\/www.facebook.com\/BluetimeSA\/","https:\/\/www.linkedin.com\/company\/bluetime-sa\/"]}]}},"_links":{"self":[{"href":"https:\/\/www.bluetime.be\/fr\/wp-json\/wp\/v2\/pages\/261","targetHints":{"allow":["GET"]}}],"collection":[{"href":"https:\/\/www.bluetime.be\/fr\/wp-json\/wp\/v2\/pages"}],"about":[{"href":"https:\/\/www.bluetime.be\/fr\/wp-json\/wp\/v2\/types\/page"}],"author":[{"embeddable":true,"href":"https:\/\/www.bluetime.be\/fr\/wp-json\/wp\/v2\/users\/1"}],"replies":[{"embeddable":true,"href":"https:\/\/www.bluetime.be\/fr\/wp-json\/wp\/v2\/comments?post=261"}],"version-history":[{"count":0,"href":"https:\/\/www.bluetime.be\/fr\/wp-json\/wp\/v2\/pages\/261\/revisions"}],"wp:featuredmedia":[{"embeddable":true,"href":"https:\/\/www.bluetime.be\/fr\/wp-json\/wp\/v2\/media\/262"}],"wp:attachment":[{"href":"https:\/\/www.bluetime.be\/fr\/wp-json\/wp\/v2\/media?parent=261"}],"curies":[{"name":"wp","href":"https:\/\/api.w.org\/{rel}","templated":true}]}}