{"id":1249,"date":"2026-01-14T09:57:22","date_gmt":"2026-01-14T08:57:22","guid":{"rendered":"https:\/\/www.bluetime.be\/?page_id=1249"},"modified":"2026-01-14T09:57:22","modified_gmt":"2026-01-14T08:57:22","slug":"nos-projets","status":"publish","type":"page","link":"https:\/\/www.bluetime.be\/fr\/nos-projets\/","title":{"rendered":"Nos projets"},"content":{"rendered":"","protected":false},"excerpt":{"rendered":"","protected":false},"author":1,"featured_media":0,"parent":0,"menu_order":0,"comment_status":"closed","ping_status":"closed","template":"","meta":{"footnotes":""},"class_list":["post-1249","page","type-page","status-publish","hentry"],"yoast_head":"<!-- This site is optimized with the Yoast SEO plugin v27.3 - https:\/\/yoast.com\/product\/yoast-seo-wordpress\/ -->\n<title>D\u00e9couvrez nos projets | Bluetime, agence de communication digitale<\/title>\n<meta name=\"description\" content=\"Chez Bluetime, nous allions professionnalisme, performance et cr\u00e9ativit\u00e9 pour garantir la r\u00e9ussite de chaque projet digital. D\u00e9couvrez nos r\u00e9alisations.\" \/>\n<meta name=\"robots\" content=\"index, follow, max-snippet:-1, max-image-preview:large, max-video-preview:-1\" \/>\n<link rel=\"canonical\" href=\"https:\/\/www.bluetime.be\/fr\/nos-projets\/\" \/>\n<meta property=\"og:locale\" content=\"fr_FR\" \/>\n<meta property=\"og:type\" content=\"article\" \/>\n<meta property=\"og:title\" content=\"D\u00e9couvrez nos projets | Bluetime, agence de communication digitale\" \/>\n<meta property=\"og:description\" content=\"Chez Bluetime, nous allions professionnalisme, performance et cr\u00e9ativit\u00e9 pour garantir la r\u00e9ussite de chaque projet digital. D\u00e9couvrez nos r\u00e9alisations.\" \/>\n<meta property=\"og:url\" content=\"https:\/\/www.bluetime.be\/fr\/nos-projets\/\" \/>\n<meta property=\"og:site_name\" content=\"Bluetime\" \/>\n<meta property=\"article:publisher\" content=\"https:\/\/www.facebook.com\/BluetimeSA\/\" \/>\n<meta property=\"og:image\" content=\"https:\/\/www.bluetime.be\/wp-content\/uploads\/2026\/01\/bluetime-agence-web.webp\" \/>\n\t<meta property=\"og:image:width\" content=\"2000\" \/>\n\t<meta property=\"og:image:height\" content=\"1331\" \/>\n\t<meta property=\"og:image:type\" content=\"image\/webp\" \/>\n<meta name=\"twitter:card\" content=\"summary_large_image\" \/>\n<script type=\"application\/ld+json\" class=\"yoast-schema-graph\">{\"@context\":\"https:\\\/\\\/schema.org\",\"@graph\":[{\"@type\":\"WebPage\",\"@id\":\"https:\\\/\\\/www.bluetime.be\\\/fr\\\/nos-projets\\\/\",\"url\":\"https:\\\/\\\/www.bluetime.be\\\/fr\\\/nos-projets\\\/\",\"name\":\"D\u00e9couvrez nos projets | Bluetime, agence de communication digitale\",\"isPartOf\":{\"@id\":\"https:\\\/\\\/www.bluetime.be\\\/fr\\\/#website\"},\"datePublished\":\"2026-01-14T08:57:22+00:00\",\"description\":\"Chez Bluetime, nous allions professionnalisme, performance et cr\u00e9ativit\u00e9 pour garantir la r\u00e9ussite de chaque projet digital. D\u00e9couvrez nos r\u00e9alisations.\",\"inLanguage\":\"fr-FR\",\"potentialAction\":[{\"@type\":\"ReadAction\",\"target\":[\"https:\\\/\\\/www.bluetime.be\\\/fr\\\/nos-projets\\\/\"]}]},{\"@type\":\"WebSite\",\"@id\":\"https:\\\/\\\/www.bluetime.be\\\/fr\\\/#website\",\"url\":\"https:\\\/\\\/www.bluetime.be\\\/fr\\\/\",\"name\":\"Bluetime\",\"description\":\"\",\"publisher\":{\"@id\":\"https:\\\/\\\/www.bluetime.be\\\/fr\\\/#organization\"},\"potentialAction\":[{\"@type\":\"SearchAction\",\"target\":{\"@type\":\"EntryPoint\",\"urlTemplate\":\"https:\\\/\\\/www.bluetime.be\\\/fr\\\/?s={search_term_string}\"},\"query-input\":{\"@type\":\"PropertyValueSpecification\",\"valueRequired\":true,\"valueName\":\"search_term_string\"}}],\"inLanguage\":\"fr-FR\"},{\"@type\":\"Organization\",\"@id\":\"https:\\\/\\\/www.bluetime.be\\\/fr\\\/#organization\",\"name\":\"Bluetime\",\"url\":\"https:\\\/\\\/www.bluetime.be\\\/fr\\\/\",\"logo\":{\"@type\":\"ImageObject\",\"inLanguage\":\"fr-FR\",\"@id\":\"https:\\\/\\\/www.bluetime.be\\\/fr\\\/#\\\/schema\\\/logo\\\/image\\\/\",\"url\":\"https:\\\/\\\/www.bluetime.be\\\/wp-content\\\/uploads\\\/2026\\\/01\\\/logo_bluetime.svg\",\"contentUrl\":\"https:\\\/\\\/www.bluetime.be\\\/wp-content\\\/uploads\\\/2026\\\/01\\\/logo_bluetime.svg\",\"width\":1,\"height\":1,\"caption\":\"Bluetime\"},\"image\":{\"@id\":\"https:\\\/\\\/www.bluetime.be\\\/fr\\\/#\\\/schema\\\/logo\\\/image\\\/\"},\"sameAs\":[\"https:\\\/\\\/www.facebook.com\\\/BluetimeSA\\\/\",\"https:\\\/\\\/www.linkedin.com\\\/company\\\/bluetime-sa\\\/\"]}]}<\/script>\n<!-- \/ Yoast SEO plugin. -->","yoast_head_json":{"title":"D\u00e9couvrez nos projets | Bluetime, agence de communication digitale","description":"Chez Bluetime, nous allions professionnalisme, performance et cr\u00e9ativit\u00e9 pour garantir la r\u00e9ussite de chaque projet digital. D\u00e9couvrez nos r\u00e9alisations.","robots":{"index":"index","follow":"follow","max-snippet":"max-snippet:-1","max-image-preview":"max-image-preview:large","max-video-preview":"max-video-preview:-1"},"canonical":"https:\/\/www.bluetime.be\/fr\/nos-projets\/","og_locale":"fr_FR","og_type":"article","og_title":"D\u00e9couvrez nos projets | Bluetime, agence de communication digitale","og_description":"Chez Bluetime, nous allions professionnalisme, performance et cr\u00e9ativit\u00e9 pour garantir la r\u00e9ussite de chaque projet digital. D\u00e9couvrez nos r\u00e9alisations.","og_url":"https:\/\/www.bluetime.be\/fr\/nos-projets\/","og_site_name":"Bluetime","article_publisher":"https:\/\/www.facebook.com\/BluetimeSA\/","og_image":[{"width":2000,"height":1331,"url":"https:\/\/www.bluetime.be\/wp-content\/uploads\/2026\/01\/bluetime-agence-web.webp","type":"image\/webp"}],"twitter_card":"summary_large_image","schema":{"@context":"https:\/\/schema.org","@graph":[{"@type":"WebPage","@id":"https:\/\/www.bluetime.be\/fr\/nos-projets\/","url":"https:\/\/www.bluetime.be\/fr\/nos-projets\/","name":"D\u00e9couvrez nos projets | Bluetime, agence de communication digitale","isPartOf":{"@id":"https:\/\/www.bluetime.be\/fr\/#website"},"datePublished":"2026-01-14T08:57:22+00:00","description":"Chez Bluetime, nous allions professionnalisme, performance et cr\u00e9ativit\u00e9 pour garantir la r\u00e9ussite de chaque projet digital. D\u00e9couvrez nos r\u00e9alisations.","inLanguage":"fr-FR","potentialAction":[{"@type":"ReadAction","target":["https:\/\/www.bluetime.be\/fr\/nos-projets\/"]}]},{"@type":"WebSite","@id":"https:\/\/www.bluetime.be\/fr\/#website","url":"https:\/\/www.bluetime.be\/fr\/","name":"Bluetime","description":"","publisher":{"@id":"https:\/\/www.bluetime.be\/fr\/#organization"},"potentialAction":[{"@type":"SearchAction","target":{"@type":"EntryPoint","urlTemplate":"https:\/\/www.bluetime.be\/fr\/?s={search_term_string}"},"query-input":{"@type":"PropertyValueSpecification","valueRequired":true,"valueName":"search_term_string"}}],"inLanguage":"fr-FR"},{"@type":"Organization","@id":"https:\/\/www.bluetime.be\/fr\/#organization","name":"Bluetime","url":"https:\/\/www.bluetime.be\/fr\/","logo":{"@type":"ImageObject","inLanguage":"fr-FR","@id":"https:\/\/www.bluetime.be\/fr\/#\/schema\/logo\/image\/","url":"https:\/\/www.bluetime.be\/wp-content\/uploads\/2026\/01\/logo_bluetime.svg","contentUrl":"https:\/\/www.bluetime.be\/wp-content\/uploads\/2026\/01\/logo_bluetime.svg","width":1,"height":1,"caption":"Bluetime"},"image":{"@id":"https:\/\/www.bluetime.be\/fr\/#\/schema\/logo\/image\/"},"sameAs":["https:\/\/www.facebook.com\/BluetimeSA\/","https:\/\/www.linkedin.com\/company\/bluetime-sa\/"]}]}},"_links":{"self":[{"href":"https:\/\/www.bluetime.be\/fr\/wp-json\/wp\/v2\/pages\/1249","targetHints":{"allow":["GET"]}}],"collection":[{"href":"https:\/\/www.bluetime.be\/fr\/wp-json\/wp\/v2\/pages"}],"about":[{"href":"https:\/\/www.bluetime.be\/fr\/wp-json\/wp\/v2\/types\/page"}],"author":[{"embeddable":true,"href":"https:\/\/www.bluetime.be\/fr\/wp-json\/wp\/v2\/users\/1"}],"replies":[{"embeddable":true,"href":"https:\/\/www.bluetime.be\/fr\/wp-json\/wp\/v2\/comments?post=1249"}],"version-history":[{"count":0,"href":"https:\/\/www.bluetime.be\/fr\/wp-json\/wp\/v2\/pages\/1249\/revisions"}],"wp:attachment":[{"href":"https:\/\/www.bluetime.be\/fr\/wp-json\/wp\/v2\/media?parent=1249"}],"curies":[{"name":"wp","href":"https:\/\/api.w.org\/{rel}","templated":true}]}}